{"id":303,"date":"2015-02-12T13:06:29","date_gmt":"2015-02-12T12:06:29","guid":{"rendered":"https:\/\/tristanmeister.wordpress.com\/?page_id=303"},"modified":"2024-02-07T11:48:57","modified_gmt":"2024-02-07T11:48:57","slug":"vox-quadrata","status":"publish","type":"page","link":"https:\/\/www.tristan-meister.de\/index.php\/chore\/vox-quadrata\/","title":{"rendered":"Vox Quadrata"},"content":{"rendered":"<p><img loading=\"lazy\" decoding=\"async\" class=\"alignnone size-medium wp-image-1252\" src=\"http:\/\/tristan-meister.de\/wp-content\/uploads\/2024\/02\/voxquadrata-2023-konzert-900x678.jpg\" alt=\"\" width=\"900\" height=\"678\" srcset=\"https:\/\/www.tristan-meister.de\/wp-content\/uploads\/2024\/02\/voxquadrata-2023-konzert-900x678.jpg 900w, https:\/\/www.tristan-meister.de\/wp-content\/uploads\/2024\/02\/voxquadrata-2023-konzert-2048x1542.jpg 2048w, https:\/\/www.tristan-meister.de\/wp-content\/uploads\/2024\/02\/voxquadrata-2023-konzert-768x578.jpg 768w, https:\/\/www.tristan-meister.de\/wp-content\/uploads\/2024\/02\/voxquadrata-2023-konzert-1536x1157.jpg 1536w\" sizes=\"auto, (max-width: 900px) 100vw, 900px\" \/><\/p>\n<p>Der Kammerchor Vox Quadrata wurde im Jahr 2015 von Tristan Meister in Mannheim gegr\u00fcndet. Das Ensemble besteht aus ambitionierten S\u00e4ngerinnen und S\u00e4ngern aus dem gesamten Rhein-Neckar-Raum und dar\u00fcber hinaus, die projektbezogen zu Chor- und Konzertwochenenden in Mannheim zusammenkommen. Bisher gab der Chor j\u00e4hrlich ein Konzert in Mannheim mit bis zu 60 gr\u00f6\u00dftenteils semiprofessionellen S\u00e4ngerinnen und S\u00e4ngern. Weiterhin erfolgten Einladungen zu den Weilburger Schlosskonzerten in den Jahren 2018 und 2022 mit \u00bbCarmina Burana\u00ab. Im Fr\u00fchjahr 2022 erschien die <a href=\"https:\/\/www.vox-quadrata.de\/cds\">CD \u00bbGernsheim \u2013 Hafis op. 56 \/ Works for Mixed Choir\u00ab<\/a> mit Werken des Wormser Komponisten Friedrich Gernsheim.<\/p>\n<p>Das Repertoire des Chors umfasst anspruchsvolle A-Cappella-Literatur aus allen Epochen mit einem besonderen Schwerpunkt in Romantik und Moderne. Dabei ist es Dirigent Tristan Meister ein Anliegen, auch selten geh\u00f6rte Werke zur Auff\u00fchrung zu bringen, so zum Beispiel das vierch\u00f6rige \u201eHora Est\u201c von Felix Mendelssohn Bartholdy oder die sechzehnstimmigen Mahler-Bearbeitungen von Clytus Gottwald.<\/p>\n<p><a href=\"http:\/\/www.vox-quadrata.de\">www.vox-quadrata.de<\/a><\/p>\n","protected":false},"excerpt":{"rendered":"<p>Der Kammerchor Vox Quadrata wurde im Jahr 2015 von Tristan Meister in Mannheim gegr\u00fcndet. Das Ensemble besteht aus ambitionierten S\u00e4ngerinnen und S\u00e4ngern aus dem gesamten Rhein-Neckar-Raum und dar\u00fcber hinaus, die<\/p>\n<p class=\"more-link\"><a href=\"https:\/\/www.tristan-meister.de\/index.php\/chore\/vox-quadrata\/\" class=\"readmore\">Weiterlesen&#8230;<span class=\"screen-reader-text\">Vox Quadrata<\/span><\/a><\/p>\n","protected":false},"author":1,"featured_media":0,"parent":10,"menu_order":1,"comment_status":"closed","ping_status":"closed","template":"","meta":{"ngg_post_thumbnail":0,"footnotes":""},"class_list":["post-303","page","type-page","status-publish","hentry"],"_links":{"self":[{"href":"https:\/\/www.tristan-meister.de\/index.php\/wp-json\/wp\/v2\/pages\/303","targetHints":{"allow":["GET"]}}],"collection":[{"href":"https:\/\/www.tristan-meister.de\/index.php\/wp-json\/wp\/v2\/pages"}],"about":[{"href":"https:\/\/www.tristan-meister.de\/index.php\/wp-json\/wp\/v2\/types\/page"}],"author":[{"embeddable":true,"href":"https:\/\/www.tristan-meister.de\/index.php\/wp-json\/wp\/v2\/users\/1"}],"replies":[{"embeddable":true,"href":"https:\/\/www.tristan-meister.de\/index.php\/wp-json\/wp\/v2\/comments?post=303"}],"version-history":[{"count":5,"href":"https:\/\/www.tristan-meister.de\/index.php\/wp-json\/wp\/v2\/pages\/303\/revisions"}],"predecessor-version":[{"id":1253,"href":"https:\/\/www.tristan-meister.de\/index.php\/wp-json\/wp\/v2\/pages\/303\/revisions\/1253"}],"up":[{"embeddable":true,"href":"https:\/\/www.tristan-meister.de\/index.php\/wp-json\/wp\/v2\/pages\/10"}],"wp:attachment":[{"href":"https:\/\/www.tristan-meister.de\/index.php\/wp-json\/wp\/v2\/media?parent=303"}],"curies":[{"name":"wp","href":"https:\/\/api.w.org\/{rel}","templated":true}]}}