{"id":333,"date":"2015-09-14T22:09:44","date_gmt":"2015-09-14T21:09:44","guid":{"rendered":"https:\/\/tristanmeister.wordpress.com\/?page_id=333"},"modified":"2018-03-06T14:52:24","modified_gmt":"2018-03-06T14:52:24","slug":"jugendchor-hochtaunus","status":"publish","type":"page","link":"https:\/\/www.tristan-meister.de\/index.php\/chore\/jugendchor-hochtaunus\/","title":{"rendered":"Jugendchor Hochtaunus"},"content":{"rendered":"<div class=\"col-md-9\">\n<div class=\"neos-contentcollection\">\n<div class=\"typo3-neos-nodetypes-text\">\n<div>\n<p><img loading=\"lazy\" decoding=\"async\" class=\"size-large wp-image-571 alignleft\" src=\"http:\/\/tristan-meister.de\/wp-content\/uploads\/2018\/01\/IMG_9061-1024x768.jpg\" alt=\"\" width=\"640\" height=\"480\" srcset=\"https:\/\/www.tristan-meister.de\/wp-content\/uploads\/2018\/01\/IMG_9061-1024x768.jpg 1024w, https:\/\/www.tristan-meister.de\/wp-content\/uploads\/2018\/01\/IMG_9061-300x225.jpg 300w, https:\/\/www.tristan-meister.de\/wp-content\/uploads\/2018\/01\/IMG_9061-768x576.jpg 768w, https:\/\/www.tristan-meister.de\/wp-content\/uploads\/2018\/01\/IMG_9061.jpg 1280w\" sizes=\"auto, (max-width: 640px) 100vw, 640px\" \/><\/p>\n<p>&nbsp;<\/p>\n<p>Der Jugendchor Hochtaunus bietet rund 70 S\u00e4ngerinnen und S\u00e4ngern die M\u00f6glichkeit, unter professioneller Leitung Gesangs- und Chorerfahrung zu sammeln. Ein Vorsingen muss gemeistert werden, dann ist neben anspruchsvoller chorischer Arbeit und individueller F\u00f6rderung der Spa\u00df garantiert.<\/p>\n<p>Der Chor trifft sich unter der Leitung von&nbsp;Tristan Meister&nbsp;normalerweise einmal j\u00e4hrlich in der Woche vor den hessischen Sommerferien.<\/p>\n<p>Tr\u00e4ger des 2011 gegr\u00fcndeten Chores sind die Johann-Isaak-von-Gerning-Stiftung f\u00fcr Kunst und Kultur im Hochtaunuskreis und der S\u00e4ngerbund Hochtaunus. Schirmherr ist Landrat Ulrich Krebs.<\/p>\n<p>Ziel des Jugendchors Hochtaunus ist es, die besten jungen S\u00e4ngerinnen und S\u00e4nger&nbsp; zwischen 14 und 25 Jahren stimmlich und musikalisch zu f\u00f6rdern. Neben der konzentrierten Erarbeitung anspruchsvoller Chorliteratur steht Einzelstimmbildung auf dem Programm. Dabei sieht sich der Chor bewusst nicht als Konkurrenz zu bestehenden Ch\u00f6ren \u2013 im Gegenteil: die Jugendlichen sollen Gelerntes und neu Erworbenes als wertvolle Impulse f\u00fcr ihre regelm\u00e4\u00dfige Chorarbeit mitnehmen. Einige Mitglieder des Chores singen ebenfalls im Landesjugendchor Hessen und werden dorthin empfohlen.<\/p>\n<p>Hauptverantwortlich f\u00fcr die stimmliche Ausbildung ist die S\u00e4ngerin und Gesangsdozentin&nbsp;Laurie Reviol&nbsp;(HfMdK Frankfurt).<\/p>\n<p>Chormanagment&nbsp;Veronika Bauer.<\/p>\n<p><a href=\"http:\/\/www.jugendchor-hochtaunus.de\">www.jugendchor-hochtaunus.de<\/a><\/p>\n<\/div>\n<\/div>\n<\/div>\n<\/div>\n","protected":false},"excerpt":{"rendered":"<p>&nbsp; Der Jugendchor Hochtaunus bietet rund 70 S\u00e4ngerinnen und S\u00e4ngern die M\u00f6glichkeit, unter professioneller Leitung Gesangs- und Chorerfahrung zu sammeln. Ein Vorsingen muss gemeistert werden, dann ist neben anspruchsvoller chorischer<\/p>\n<p class=\"more-link\"><a href=\"https:\/\/www.tristan-meister.de\/index.php\/chore\/jugendchor-hochtaunus\/\" class=\"readmore\">Weiterlesen&#8230;<span class=\"screen-reader-text\">Jugendchor Hochtaunus<\/span><\/a><\/p>\n","protected":false},"author":1,"featured_media":0,"parent":10,"menu_order":2,"comment_status":"closed","ping_status":"closed","template":"","meta":{"ngg_post_thumbnail":0,"footnotes":""},"class_list":["post-333","page","type-page","status-publish","hentry"],"_links":{"self":[{"href":"https:\/\/www.tristan-meister.de\/index.php\/wp-json\/wp\/v2\/pages\/333","targetHints":{"allow":["GET"]}}],"collection":[{"href":"https:\/\/www.tristan-meister.de\/index.php\/wp-json\/wp\/v2\/pages"}],"about":[{"href":"https:\/\/www.tristan-meister.de\/index.php\/wp-json\/wp\/v2\/types\/page"}],"author":[{"embeddable":true,"href":"https:\/\/www.tristan-meister.de\/index.php\/wp-json\/wp\/v2\/users\/1"}],"replies":[{"embeddable":true,"href":"https:\/\/www.tristan-meister.de\/index.php\/wp-json\/wp\/v2\/comments?post=333"}],"version-history":[{"count":5,"href":"https:\/\/www.tristan-meister.de\/index.php\/wp-json\/wp\/v2\/pages\/333\/revisions"}],"predecessor-version":[{"id":638,"href":"https:\/\/www.tristan-meister.de\/index.php\/wp-json\/wp\/v2\/pages\/333\/revisions\/638"}],"up":[{"embeddable":true,"href":"https:\/\/www.tristan-meister.de\/index.php\/wp-json\/wp\/v2\/pages\/10"}],"wp:attachment":[{"href":"https:\/\/www.tristan-meister.de\/index.php\/wp-json\/wp\/v2\/media?parent=333"}],"curies":[{"name":"wp","href":"https:\/\/api.w.org\/{rel}","templated":true}]}}