{"id":415,"date":"2017-06-16T12:30:49","date_gmt":"2017-06-16T11:30:49","guid":{"rendered":"https:\/\/tristanmeister.wordpress.com\/?page_id=415"},"modified":"2024-02-07T11:45:02","modified_gmt":"2024-02-07T11:45:02","slug":"beethovenchor-ludwigshafen","status":"publish","type":"page","link":"https:\/\/www.tristan-meister.de\/index.php\/chore\/beethovenchor-ludwigshafen\/","title":{"rendered":"Beethovenchor Ludwigshafen"},"content":{"rendered":"<p><img loading=\"lazy\" decoding=\"async\" class=\"alignnone size-medium wp-image-1248\" src=\"http:\/\/tristan-meister.de\/wp-content\/uploads\/2024\/02\/FV-BCL-9.Sinfonie-2024-87-900x600.jpg\" alt=\"\" width=\"900\" height=\"600\" srcset=\"https:\/\/www.tristan-meister.de\/wp-content\/uploads\/2024\/02\/FV-BCL-9.Sinfonie-2024-87-900x600.jpg 900w, https:\/\/www.tristan-meister.de\/wp-content\/uploads\/2024\/02\/FV-BCL-9.Sinfonie-2024-87-2048x1365.jpg 2048w, https:\/\/www.tristan-meister.de\/wp-content\/uploads\/2024\/02\/FV-BCL-9.Sinfonie-2024-87-768x512.jpg 768w, https:\/\/www.tristan-meister.de\/wp-content\/uploads\/2024\/02\/FV-BCL-9.Sinfonie-2024-87-1536x1024.jpg 1536w\" sizes=\"auto, (max-width: 900px) 100vw, 900px\" \/><\/p>\n<div class=\"elementor-element elementor-element-e5f497e elementor-widget elementor-widget-text-editor\" data-id=\"e5f497e\" data-element_type=\"widget\" data-widget_type=\"text-editor.default\">\n<div class=\"elementor-widget-container\">\n<p><span dir=\"ltr\">Der Beethovenchor besteht aus rund 12<\/span><span dir=\"ltr\">0 S\u00e4ngerinnen und S\u00e4ngern in allen Altersstufen mit unterschiedlichen stimmlichen Voraussetzungen<\/span><span dir=\"ltr\"> und Vorerfahrungen. Uns verbindet die Begeisterung f\u00fcr Musik und die Freude am Singen.<\/span><\/p>\n<p><span dir=\"ltr\">Probenaufwand: w\u00f6chentlich ein Probenabend und 1-2 Wochenendproben pro Projekt. Das Einstudieren f\u00e4llt uns leicht, <\/span><span dir=\"ltr\">weil wir Ansporn und Anleitung durch unseren kompetenten und stets beschwingten Chorleiter <\/span><span dir=\"ltr\">Tristan Meister erfahren. <\/span><span dir=\"ltr\">Das Repertoire endet f\u00fcr uns nicht bei Bach und Beethoven. Wir sind offen f\u00fcr neue Erfahrungen, wollen stilistische und <\/span><span dir=\"ltr\">k\u00fcnstlerische Grenzen erweitern, Begeisterung wecken f\u00fcr \u201eklassische Musik\u201c, f\u00fcr den Farbenreichtum der menschlichen <\/span><span dir=\"ltr\">Stimme \u2013 bei Jung und Alt.<br \/>\n<\/span><\/p>\n<p><span dir=\"ltr\">Nach dem Proben kommen wir gerne noch auf einen geselligen Ausklang in einer der nahgelegenen Kneipen zusammen. Au\u00dferdem organisieren wir Grillfeste oder gemeinsame Ausfl\u00fcge. Im Sommer 2019 gab es erstmals seit l\u00e4ngerem wieder ein Probenwochenende. Dazu verbrachten wir zwei N\u00e4chte auf dem Schloss Kapfenburg, mit vielen Proben, gutem Essen und einem bunten Abend.<br \/>\n<\/span><\/p>\n<p>2023 f\u00fchrte uns das Chorwochende nach Maria Rosenberg in der S\u00fcdpfalz. Neben toller Musik, einem fulminanten bunten Abend und bester Verpflegung gab es auch Programmbeitr\u00e4ge seitens der Mits\u00e4nger*innen, u.a. Yoga, einen Workshop zum Stimmsitz und einen Sternensparziergang. Im kommenden Jahr ist es wieder so weit, die Planungen laufen schon..<\/p>\n<p>Neben den Chorwochenenden gibt es auch immer wieder lange Probensamstage, an denen wir uns mit einem Buffet selbst verpflegen. Da ist f\u00fcr jeden etwas dabei!<\/p>\n<\/div>\n<\/div>\n<p><a href=\"http:\/\/www.beethovenchor-lu.de\">www.beethovenchor-lu.de<\/a><\/p>\n","protected":false},"excerpt":{"rendered":"<p>Der Beethovenchor besteht aus rund 120 S\u00e4ngerinnen und S\u00e4ngern in allen Altersstufen mit unterschiedlichen stimmlichen Voraussetzungen und Vorerfahrungen. Uns verbindet die Begeisterung f\u00fcr Musik und die Freude am Singen. Probenaufwand:<\/p>\n<p class=\"more-link\"><a href=\"https:\/\/www.tristan-meister.de\/index.php\/chore\/beethovenchor-ludwigshafen\/\" class=\"readmore\">Weiterlesen&#8230;<span class=\"screen-reader-text\">Beethovenchor Ludwigshafen<\/span><\/a><\/p>\n","protected":false},"author":1,"featured_media":0,"parent":10,"menu_order":0,"comment_status":"closed","ping_status":"closed","template":"","meta":{"ngg_post_thumbnail":0,"footnotes":""},"class_list":["post-415","page","type-page","status-publish","hentry"],"_links":{"self":[{"href":"https:\/\/www.tristan-meister.de\/index.php\/wp-json\/wp\/v2\/pages\/415","targetHints":{"allow":["GET"]}}],"collection":[{"href":"https:\/\/www.tristan-meister.de\/index.php\/wp-json\/wp\/v2\/pages"}],"about":[{"href":"https:\/\/www.tristan-meister.de\/index.php\/wp-json\/wp\/v2\/types\/page"}],"author":[{"embeddable":true,"href":"https:\/\/www.tristan-meister.de\/index.php\/wp-json\/wp\/v2\/users\/1"}],"replies":[{"embeddable":true,"href":"https:\/\/www.tristan-meister.de\/index.php\/wp-json\/wp\/v2\/comments?post=415"}],"version-history":[{"count":3,"href":"https:\/\/www.tristan-meister.de\/index.php\/wp-json\/wp\/v2\/pages\/415\/revisions"}],"predecessor-version":[{"id":1249,"href":"https:\/\/www.tristan-meister.de\/index.php\/wp-json\/wp\/v2\/pages\/415\/revisions\/1249"}],"up":[{"embeddable":true,"href":"https:\/\/www.tristan-meister.de\/index.php\/wp-json\/wp\/v2\/pages\/10"}],"wp:attachment":[{"href":"https:\/\/www.tristan-meister.de\/index.php\/wp-json\/wp\/v2\/media?parent=415"}],"curies":[{"name":"wp","href":"https:\/\/api.w.org\/{rel}","templated":true}]}}