{"id":6,"date":"2013-04-05T10:32:37","date_gmt":"2013-04-05T09:32:37","guid":{"rendered":"http:\/\/tristanmeister.wordpress.com\/?page_id=6"},"modified":"2026-01-06T16:04:04","modified_gmt":"2026-01-06T16:04:04","slug":"lebenslauf","status":"publish","type":"page","link":"https:\/\/www.tristan-meister.de\/index.php\/lebenslauf\/","title":{"rendered":"Vita"},"content":{"rendered":"<p><!-- [if gte mso 9]>--><\/p>\n<div class=\"mnm_portrait_detail_lebenslauf\">\n<p>Tristan Meister arbeitet als Dirigent und Dozent f\u00fcr Chordirigieren an den Musikhochschulen Mannheim und Frankfurt am Main. Nach einer ersten musikalischen Ausbildung bei den Limburger Domsingknaben studierte er Dirigieren bei Georg Gr\u00fcn, Frieder Bernius, Harald Jers und Klaus Arp.<img loading=\"lazy\" decoding=\"async\" class=\"alignright wp-image-1374 \" src=\"https:\/\/www.tristan-meister.de\/wp-content\/uploads\/2026\/01\/Tristan_5v2_Dumitrita-Gore-600x900.jpg\" alt=\"\" width=\"303\" height=\"455\" srcset=\"https:\/\/www.tristan-meister.de\/wp-content\/uploads\/2026\/01\/Tristan_5v2_Dumitrita-Gore-600x900.jpg 600w, https:\/\/www.tristan-meister.de\/wp-content\/uploads\/2026\/01\/Tristan_5v2_Dumitrita-Gore-1365x2048.jpg 1365w, https:\/\/www.tristan-meister.de\/wp-content\/uploads\/2026\/01\/Tristan_5v2_Dumitrita-Gore-768x1152.jpg 768w, https:\/\/www.tristan-meister.de\/wp-content\/uploads\/2026\/01\/Tristan_5v2_Dumitrita-Gore-1024x1536.jpg 1024w, https:\/\/www.tristan-meister.de\/wp-content\/uploads\/2026\/01\/Tristan_5v2_Dumitrita-Gore-scaled.jpg 1707w\" sizes=\"auto, (max-width: 303px) 100vw, 303px\" \/><br \/>\nEr gr\u00fcndete den Kammerchor Vox Quadrata, ist seit 2024 Artistic Director des Chamber Choir of Europe und dar\u00fcber hinaus musikalischer Leiter des Jugendchores sowie des Kammerchores Hochtaunus. Mit dem Beethovenchor Ludwigshafen f\u00fchrt er oratorische und chorsinfonische Werke s\u00e4mtlicher Epochen auf und arbeitet regelm\u00e4\u00dfig mit der Mannheimer Kammerphilharmonie, dem Kurpf\u00e4lzischen Kammerorchester und der Deutschen Staatsphilharmonie Rheinland-Pfalz zusammen. Er ist au\u00dferdem Gr\u00fcnder und Dirigent des Ensemble Vocapella Limburg, mit dem er unter anderem erster Preistr\u00e4ger beim Deutschen Chorwettbewerb und beim Internationalen Chorwettbewerb in Warna (Bulgarien) wurde. Dort wurde ihm auch der Sonderpreis f\u00fcr die beste dirigentische Leistung des Wettbewerbs verliehen.<br \/>\nNeben Rundfunkaufnahmen f\u00fcr WDR und SWR dokumentieren zahlreiche CD-Aufnahmen, unter anderem die weltweit erste Gesamteinspielung aller M\u00e4nnerchorwerke von Max Reger sowie die Ersteinspielung des Oratoriums \u201aPalestrina\u2018 von Carl Loewe, seine musikalische Arbeit. Er ist Herausgeber mehrerer Chorb\u00fccher, Wettbewerbsjuror und regelm\u00e4\u00dfiger Gast, Workshop- und Kursleiter bei nationalen und internationalen Chorfestivals, zuletzt beim Internationalen Chorfestival Barcelona (Spanien), im Rahmen des Abu Gosh Music Festivals in Israel, bei der ACDA National Conference in Cincinnati (USA) und beim Festival San Juan Canta (Argentinien).<\/p>\n<p><span style=\"font-family: 'Calibri',sans-serif;\">&nbsp;<\/span><\/p>\n<\/div>\n<p><!-- [if gte mso 9]>--><\/p>\n","protected":false},"excerpt":{"rendered":"<p>Tristan Meister arbeitet als Dirigent und Dozent f\u00fcr Chordirigieren an den Musikhochschulen Mannheim und Frankfurt am Main. Nach einer ersten musikalischen Ausbildung bei den Limburger Domsingknaben studierte er Dirigieren bei<\/p>\n<p class=\"more-link\"><a href=\"https:\/\/www.tristan-meister.de\/index.php\/lebenslauf\/\" class=\"readmore\">Weiterlesen&#8230;<span class=\"screen-reader-text\">Vita<\/span><\/a><\/p>\n","protected":false},"author":1,"featured_media":0,"parent":0,"menu_order":1,"comment_status":"closed","ping_status":"closed","template":"","meta":{"ngg_post_thumbnail":0,"footnotes":""},"class_list":["post-6","page","type-page","status-publish","hentry"],"_links":{"self":[{"href":"https:\/\/www.tristan-meister.de\/index.php\/wp-json\/wp\/v2\/pages\/6","targetHints":{"allow":["GET"]}}],"collection":[{"href":"https:\/\/www.tristan-meister.de\/index.php\/wp-json\/wp\/v2\/pages"}],"about":[{"href":"https:\/\/www.tristan-meister.de\/index.php\/wp-json\/wp\/v2\/types\/page"}],"author":[{"embeddable":true,"href":"https:\/\/www.tristan-meister.de\/index.php\/wp-json\/wp\/v2\/users\/1"}],"replies":[{"embeddable":true,"href":"https:\/\/www.tristan-meister.de\/index.php\/wp-json\/wp\/v2\/comments?post=6"}],"version-history":[{"count":32,"href":"https:\/\/www.tristan-meister.de\/index.php\/wp-json\/wp\/v2\/pages\/6\/revisions"}],"predecessor-version":[{"id":1376,"href":"https:\/\/www.tristan-meister.de\/index.php\/wp-json\/wp\/v2\/pages\/6\/revisions\/1376"}],"wp:attachment":[{"href":"https:\/\/www.tristan-meister.de\/index.php\/wp-json\/wp\/v2\/media?parent=6"}],"curies":[{"name":"wp","href":"https:\/\/api.w.org\/{rel}","templated":true}]}}