{"id":64,"date":"2013-04-05T17:21:12","date_gmt":"2013-04-05T16:21:12","guid":{"rendered":"http:\/\/tristanmeister.wordpress.com\/?page_id=64"},"modified":"2024-02-07T11:46:47","modified_gmt":"2024-02-07T11:46:47","slug":"ensemble-vocapella-limburg","status":"publish","type":"page","link":"https:\/\/www.tristan-meister.de\/index.php\/chore\/ensemble-vocapella-limburg\/","title":{"rendered":"Ensemble Vocapella Limburg"},"content":{"rendered":"<p><a href=\"http:\/\/tristan-meister.de\/wp-content\/uploads\/2015\/12\/vocapella-23.jpg\" rel=\"attachment wp-att-379\"><img loading=\"lazy\" decoding=\"async\" class=\"alignnone size-large wp-image-379\" src=\"http:\/\/tristan-meister.de\/wp-content\/uploads\/2015\/12\/vocapella-23.jpg?w=652\" alt=\"Vocapella\" width=\"652\" height=\"394\" srcset=\"https:\/\/www.tristan-meister.de\/wp-content\/uploads\/2015\/12\/vocapella-23.jpg 6000w, https:\/\/www.tristan-meister.de\/wp-content\/uploads\/2015\/12\/vocapella-23-300x181.jpg 300w, https:\/\/www.tristan-meister.de\/wp-content\/uploads\/2015\/12\/vocapella-23-768x464.jpg 768w, https:\/\/www.tristan-meister.de\/wp-content\/uploads\/2015\/12\/vocapella-23-1024x619.jpg 1024w\" sizes=\"auto, (max-width: 652px) 100vw, 652px\" \/><\/a><\/p>\n<h4>Ensemble Vocapella Limburg<\/h4>\n<p>Das 2007 gegr\u00fcndete Ensemble Vocapella Limburg besteht aus jungen M\u00e4nnern aus der Region Limburg, die ihre gemeinsamen musikalischen Wurzeln bei den Limburger Domsingknaben haben und sich unter der Leitung von Tristan Meister dem anspruchsvollen M\u00e4nnerchorgesang widmen.<\/p>\n<p>Der Chor hat sich einen ausgezeichneten Ruf erarbeitet und wird regelm\u00e4\u00dfig zu Auftritten im In- und Ausland eingeladen. Konzertreisen f\u00fchrten die S\u00e4nger bereits nach Israel, Japan, Brasilien, Argentinien, Paraguay, Ungarn, Belgien, Tschechien, Frankreich, Bulgarien, Portugal und durch ganz Deutschland. Im Jahr 2020 war das Ensemble als Vertreter Deutschlands zum World Symposium on Choral Music nach Neuseeland eingeladen.<\/p>\n<p>Erste Preise und Kategoriesiege beim internationalen Chorwettbewerb in Budapest (2013), beim Hessischen Chorwettbewerb in Schlitz (2013), beim Deutschen Chorwettbewerb in Weimar (2014) und beim internationalen Chorwettbewerb in Warna (2016) dokumentieren zahlreiche Wettbewerbserfolge. Im Rahmen des Deutschen Chorwettbewerbs gewann das Ensemble neben dem Sonderpreis f\u00fcr Zeitgen\u00f6ssische Musik auch die Produktion der CD \u201eVom Werden und Vergehen\u201c bei Rondeau Production, die 2016 ver\u00f6ffentlicht wurde. Bereits 2012 erschien die erste CD mit dem Titel \u201eIn der Ferne\u201c. In den Jahren 2016 und 2017 haben die S\u00e4nger die weltweit erste Gesamteinspielung aller A-cappella-M\u00e4nnerchorwerke von Max Reger auf zwei CDs vorgelegt. Im Jahr 2020 ver\u00f6ffentlichten sie ihre f\u00fcnfte CD mit Werken von Alwin Michael Schronen.<\/p>\n<p>Das Repertoire des Chores umfasst geistliche und weltliche M\u00e4nnerchorliteratur aller Epochen und erstreckt sich von Werken aus der Renaissance bis zu Urauff\u00fchrungen zeitgen\u00f6ssischer Vertonungen, die regelm\u00e4\u00dfig bei namhaften Komponisten in Auftrag gegeben werden.<\/p>\n<p><a href=\"http:\/\/www.ensemble-vocapella.de\">www.ensemble-vocapella.de<\/a><\/p>\n","protected":false},"excerpt":{"rendered":"<p>Ensemble Vocapella Limburg Das 2007 gegr\u00fcndete Ensemble Vocapella Limburg besteht aus jungen M\u00e4nnern aus der Region Limburg, die ihre gemeinsamen musikalischen Wurzeln bei den Limburger Domsingknaben haben und sich unter<\/p>\n<p class=\"more-link\"><a href=\"https:\/\/www.tristan-meister.de\/index.php\/chore\/ensemble-vocapella-limburg\/\" class=\"readmore\">Weiterlesen&#8230;<span class=\"screen-reader-text\">Ensemble Vocapella Limburg<\/span><\/a><\/p>\n","protected":false},"author":1,"featured_media":0,"parent":10,"menu_order":1,"comment_status":"closed","ping_status":"closed","template":"","meta":{"ngg_post_thumbnail":0,"footnotes":""},"class_list":["post-64","page","type-page","status-publish","hentry"],"_links":{"self":[{"href":"https:\/\/www.tristan-meister.de\/index.php\/wp-json\/wp\/v2\/pages\/64","targetHints":{"allow":["GET"]}}],"collection":[{"href":"https:\/\/www.tristan-meister.de\/index.php\/wp-json\/wp\/v2\/pages"}],"about":[{"href":"https:\/\/www.tristan-meister.de\/index.php\/wp-json\/wp\/v2\/types\/page"}],"author":[{"embeddable":true,"href":"https:\/\/www.tristan-meister.de\/index.php\/wp-json\/wp\/v2\/users\/1"}],"replies":[{"embeddable":true,"href":"https:\/\/www.tristan-meister.de\/index.php\/wp-json\/wp\/v2\/comments?post=64"}],"version-history":[{"count":6,"href":"https:\/\/www.tristan-meister.de\/index.php\/wp-json\/wp\/v2\/pages\/64\/revisions"}],"predecessor-version":[{"id":1250,"href":"https:\/\/www.tristan-meister.de\/index.php\/wp-json\/wp\/v2\/pages\/64\/revisions\/1250"}],"up":[{"embeddable":true,"href":"https:\/\/www.tristan-meister.de\/index.php\/wp-json\/wp\/v2\/pages\/10"}],"wp:attachment":[{"href":"https:\/\/www.tristan-meister.de\/index.php\/wp-json\/wp\/v2\/media?parent=64"}],"curies":[{"name":"wp","href":"https:\/\/api.w.org\/{rel}","templated":true}]}}