{"id":791,"date":"2019-05-09T08:38:06","date_gmt":"2019-05-09T08:38:06","guid":{"rendered":"http:\/\/tristan-meister.de\/?page_id=791"},"modified":"2025-02-19T14:26:19","modified_gmt":"2025-02-19T14:26:19","slug":"cantus-juvenum-karlsruhe","status":"publish","type":"page","link":"https:\/\/www.tristan-meister.de\/index.php\/chore\/cantus-juvenum-karlsruhe\/","title":{"rendered":"Chamber Choir of Europe"},"content":{"rendered":"<div id=\"cc-m-8639109075\" class=\"j-module n j-text \">\n<p>Der <strong>Chamber Choir of Europe<\/strong> ist ein Ensemble, geformt aus Solisten aus ganz Europa und der Welt. Das Repertoire des Chores ist so vielf\u00e4ltig wie die europ\u00e4ische Kultur. F\u00fcr die Ensemblemitglieder des Chamber Choir of Europe ist bester Gesang oder wie Bobby McFerrin sagte, ein perfektes \u201eVoice-Orchestra\u201c, immer wieder der k\u00fcnstlerische Anspruch.&nbsp;<br \/>\nLeidenschaftlich und mit Begeisterung werden Auff\u00fchrungen sowie Produktionen vorbereitet und pr\u00e4sentiert. Somit hat sich der Chamber Choir of Europe als \u201eHigh Performance\u201c Team mit Sitz in Deutschland (Mannheim) international einen sehr guten Ruf erworben.<\/p>\n<p>\u201eAusgezeichneter Chor und Solisten\u201c (Chiara Zocca, L\u00b4 Arena Verona)<\/p>\n<p>Das Ensemble begeistert&nbsp;&nbsp;\u201e\u2026 durch unbestechliche Klarheit der Intonation und perfekt ausgewogenen, ja zum Niederknien sch\u00f6nen Klang von sonorer F\u00fclle.\u201c (Gabor Halaz, die Rheinpfalz)<\/p>\n<p>Zauberhafte Kl\u00e4nge beschw\u00f6ren Himmlisches (Eckhard Britsch, Mannheimer Morgen)<\/p>\n<p>Ein musikalisches Gipfeltreffen europ\u00e4ischer und amerikanischer Chormusik-Kultur fand in \u00d6sterreich (Kufstein) statt:&nbsp;Mit&nbsp;\u201cLight \u2013 Eternal\u201d &#8211; The Choral Music of Morten Lauridsen (USA) \u2013&nbsp; entstand&nbsp;neue einzigartige Produktion bereits bestehender Kompositionen kombiniert mit Welt- sowie europ\u00e4ischen Ersteinspielungen des weltweit renommierten Komponisten, Morten Lauridsen.&nbsp;<\/p>\n<p>Natur, Licht und die Poesie sind drei von vielen Gemeinsamkeiten, die dieses besondere musikalische Zusammentreffen unter der Leitung von Artistic Director Nicol Matt pr\u00e4gen. (Deutsche Grammophon, Release Sommer 2018)<\/p>\n<p>https:\/\/www.chamber-choir-of-europe.eu\/<\/p>\n<\/div>\n","protected":false},"excerpt":{"rendered":"<p>Der Chamber Choir of Europe ist ein Ensemble, geformt aus Solisten aus ganz Europa und der Welt. Das Repertoire des Chores ist so vielf\u00e4ltig wie die europ\u00e4ische Kultur. F\u00fcr die<\/p>\n<p class=\"more-link\"><a href=\"https:\/\/www.tristan-meister.de\/index.php\/chore\/cantus-juvenum-karlsruhe\/\" class=\"readmore\">Weiterlesen&#8230;<span class=\"screen-reader-text\">Chamber Choir of Europe<\/span><\/a><\/p>\n","protected":false},"author":1,"featured_media":0,"parent":10,"menu_order":6,"comment_status":"closed","ping_status":"closed","template":"","meta":{"ngg_post_thumbnail":0,"footnotes":""},"class_list":["post-791","page","type-page","status-publish","hentry"],"_links":{"self":[{"href":"https:\/\/www.tristan-meister.de\/index.php\/wp-json\/wp\/v2\/pages\/791","targetHints":{"allow":["GET"]}}],"collection":[{"href":"https:\/\/www.tristan-meister.de\/index.php\/wp-json\/wp\/v2\/pages"}],"about":[{"href":"https:\/\/www.tristan-meister.de\/index.php\/wp-json\/wp\/v2\/types\/page"}],"author":[{"embeddable":true,"href":"https:\/\/www.tristan-meister.de\/index.php\/wp-json\/wp\/v2\/users\/1"}],"replies":[{"embeddable":true,"href":"https:\/\/www.tristan-meister.de\/index.php\/wp-json\/wp\/v2\/comments?post=791"}],"version-history":[{"count":2,"href":"https:\/\/www.tristan-meister.de\/index.php\/wp-json\/wp\/v2\/pages\/791\/revisions"}],"predecessor-version":[{"id":1313,"href":"https:\/\/www.tristan-meister.de\/index.php\/wp-json\/wp\/v2\/pages\/791\/revisions\/1313"}],"up":[{"embeddable":true,"href":"https:\/\/www.tristan-meister.de\/index.php\/wp-json\/wp\/v2\/pages\/10"}],"wp:attachment":[{"href":"https:\/\/www.tristan-meister.de\/index.php\/wp-json\/wp\/v2\/media?parent=791"}],"curies":[{"name":"wp","href":"https:\/\/api.w.org\/{rel}","templated":true}]}}